{"id":18,"date":"2026-01-08T22:35:24","date_gmt":"2026-01-08T21:35:24","guid":{"rendered":"https:\/\/serwer2556395.home.pl\/autoinstalator\/wordpressplugins1\/?page_id=18"},"modified":"2026-01-12T05:38:36","modified_gmt":"2026-01-12T04:38:36","slug":"18-2","status":"publish","type":"page","link":"https:\/\/serwer2556395.home.pl\/autoinstalator\/wordpressplugins1\/","title":{"rendered":"Home"},"content":{"rendered":"\n<div style=\"height:15px\" aria-hidden=\"true\" class=\"wp-block-spacer\"><\/div>\n\n\n\n<div class=\"wp-block-group alignfull has-accent-background-color has-background has-global-padding is-layout-constrained wp-container-core-group-is-layout-d89aad35 wp-block-group-is-layout-constrained\" style=\"margin-top:0;margin-bottom:0;padding-top:var(--wp--preset--spacing--50);padding-right:var(--wp--preset--spacing--50);padding-bottom:var(--wp--preset--spacing--50);padding-left:var(--wp--preset--spacing--50);background-image:url(&apos;https:\/\/serwer2556395.home.pl\/autoinstalator\/wordpressplugins1\/wp-content\/uploads\/2026\/01\/AdobeStock_25791933_Preview.jpeg&apos;);background-size:cover;background-attachment:fixed;\">\n<div class=\"wp-block-group alignwide has-global-padding is-layout-constrained wp-container-core-group-is-layout-19e250f3 wp-block-group-is-layout-constrained\">\n<div class=\"wp-block-group alignwide has-base-2-color has-contrast-background-color has-text-color has-background has-link-color wp-elements-035a690d676a8d66f56e57b6d8dc51ca is-vertical is-content-justification-center is-nowrap is-layout-flex wp-container-core-group-is-layout-9340f179 wp-block-group-is-layout-flex\" style=\"border-top-left-radius:26px;border-top-right-radius:26px;border-bottom-left-radius:26px;border-bottom-right-radius:26px;margin-top:var(--wp--preset--spacing--20);margin-bottom:var(--wp--preset--spacing--20);padding-top:0;padding-right:0;padding-bottom:0;padding-left:0;box-shadow:var(--wp--preset--shadow--sharp)\">\n<div style=\"height:0px\" aria-hidden=\"true\" class=\"wp-block-spacer wp-container-content-42c95ffb\"><\/div>\n\n\n\n<h2 class=\"wp-block-heading has-text-align-center is-style-default has-base-2-color has-text-color has-link-color wp-elements-13a822c7c6fe808965f7fefddd710f35\"><em><strong>Domowe Gotowe<\/strong><\/em><\/h2>\n\n\n\n<p class=\"has-text-align-center has-text-color has-link-color wp-elements-2a455b7688647434d9a1fae255ff7697\" style=\"color:#3f6e33\">Our comprehensive suite of professional services caters to a diverse clientele, ranging from homeowners to commercial developers.<\/p>\n\n\n\n<div style=\"height:0px\" aria-hidden=\"true\" class=\"wp-block-spacer wp-container-content-9d1f8957\"><\/div>\n<\/div>\n\n\n\n<div style=\"height:min(4rem, 5vw)\" aria-hidden=\"true\" class=\"wp-block-spacer\"><\/div>\n\n\n\n<div class=\"wp-block-columns alignwide is-layout-flex wp-container-core-columns-is-layout-d1c656ed wp-block-columns-is-layout-flex\">\n<div class=\"wp-block-column is-vertically-aligned-center has-base-2-color has-contrast-background-color has-text-color has-background has-link-color has-medium-font-size wp-elements-1911db1bafd9e9a40d60a0a23f6df847 is-layout-flow wp-block-column-is-layout-flow\" style=\"border-top-left-radius:20px;border-top-right-radius:20px;border-bottom-left-radius:20px;border-bottom-right-radius:20px;box-shadow:var(--wp--preset--shadow--sharp);flex-basis:40%\">\n<div style=\"height:0px\" aria-hidden=\"true\" class=\"wp-block-spacer\"><\/div>\n\n\n\n<ul style=\"margin-top:var(--wp--preset--spacing--40);margin-right:var(--wp--preset--spacing--20);margin-bottom:var(--wp--preset--spacing--40);margin-left:var(--wp--preset--spacing--20);font-style:normal;font-weight:600;line-height:1.15\" class=\"wp-block-list is-style-checkmark-list has-large-font-size\">\n<li class=\"has-text-color has-link-color wp-elements-12fbc1115975f2414d97cfc1ec18657d\" style=\"color:#3f6e33\">100% NATURALNE SK\u0141ADNIKI<\/li>\n\n\n\n<li class=\"has-text-color has-link-color wp-elements-ece8f852248de3dc84bd491a7bb70664\" style=\"color:#3f6e33\">BEZ KONSERWANT\u00d3W<\/li>\n\n\n\n<li class=\"has-text-color has-link-color wp-elements-9df2e434458889901e4eddf288c6b233\" style=\"color:#3f6e33\">GOTOWE DO PODGRZANIA!<\/li>\n<\/ul>\n\n\n\n<div style=\"height:0px\" aria-hidden=\"true\" class=\"wp-block-spacer\"><\/div>\n<\/div>\n\n\n\n<div class=\"wp-block-column is-layout-flow wp-block-column-is-layout-flow\" style=\"border-top-left-radius:20px;border-top-right-radius:20px;border-bottom-left-radius:20px;border-bottom-right-radius:20px;flex-basis:50%\">\n<figure class=\"wp-block-image size-full is-style-rounded is-style-rounded--1\"><img loading=\"lazy\" decoding=\"async\" width=\"1000\" height=\"500\" src=\"https:\/\/serwer2556395.home.pl\/autoinstalator\/wordpressplugins1\/wp-content\/uploads\/2026\/01\/AdobeStock_1493716771_Preview.jpeg\" alt=\"\" class=\"wp-image-21\" style=\"box-shadow:var(--wp--preset--shadow--sharp)\" srcset=\"https:\/\/serwer2556395.home.pl\/autoinstalator\/wordpressplugins1\/wp-content\/uploads\/2026\/01\/AdobeStock_1493716771_Preview.jpeg 1000w, https:\/\/serwer2556395.home.pl\/autoinstalator\/wordpressplugins1\/wp-content\/uploads\/2026\/01\/AdobeStock_1493716771_Preview-300x150.jpeg 300w, https:\/\/serwer2556395.home.pl\/autoinstalator\/wordpressplugins1\/wp-content\/uploads\/2026\/01\/AdobeStock_1493716771_Preview-768x384.jpeg 768w\" sizes=\"auto, (max-width: 1000px) 100vw, 1000px\" \/><\/figure>\n<\/div>\n<\/div>\n\n\n\n<div style=\"height:var(--wp--preset--spacing--40)\" aria-hidden=\"true\" class=\"wp-block-spacer\"><\/div>\n\n\n\n<div class=\"wp-block-columns alignwide is-layout-flex wp-container-core-columns-is-layout-d1c656ed wp-block-columns-is-layout-flex\">\n<div class=\"wp-block-column is-layout-flow wp-block-column-is-layout-flow\" style=\"flex-basis:50%\">\n<figure class=\"wp-block-image size-full has-custom-border is-style-rounded is-style-rounded--2\"><img loading=\"lazy\" decoding=\"async\" width=\"1000\" height=\"669\" src=\"https:\/\/serwer2556395.home.pl\/autoinstalator\/wordpressplugins1\/wp-content\/uploads\/2026\/01\/AdobeStock_224427246_Preview.jpeg\" alt=\"\" class=\"wp-image-23\" style=\"border-top-left-radius:19px;border-top-right-radius:19px;border-bottom-left-radius:19px;border-bottom-right-radius:19px;box-shadow:var(--wp--preset--shadow--sharp)\" srcset=\"https:\/\/serwer2556395.home.pl\/autoinstalator\/wordpressplugins1\/wp-content\/uploads\/2026\/01\/AdobeStock_224427246_Preview.jpeg 1000w, https:\/\/serwer2556395.home.pl\/autoinstalator\/wordpressplugins1\/wp-content\/uploads\/2026\/01\/AdobeStock_224427246_Preview-300x201.jpeg 300w, https:\/\/serwer2556395.home.pl\/autoinstalator\/wordpressplugins1\/wp-content\/uploads\/2026\/01\/AdobeStock_224427246_Preview-768x514.jpeg 768w\" sizes=\"auto, (max-width: 1000px) 100vw, 1000px\" \/><\/figure>\n<\/div>\n\n\n\n<div class=\"wp-block-column is-vertically-aligned-center has-base-2-color has-contrast-background-color has-text-color has-background has-link-color wp-elements-9f182844d4899b494ff6f2cfd92f5779 is-layout-flow wp-block-column-is-layout-flow\" style=\"border-top-left-radius:16px;border-top-right-radius:16px;border-bottom-left-radius:16px;border-bottom-right-radius:16px;box-shadow:var(--wp--preset--shadow--sharp);flex-basis:40%\">\n<div style=\"height:0px\" aria-hidden=\"true\" class=\"wp-block-spacer\"><\/div>\n\n\n\n<ul style=\"line-height:1.75\" class=\"wp-block-list is-style-checkmark-list\">\n<li>A world of thought-provoking articles.<\/li>\n\n\n\n<li>Case studies that celebrate architecture.<\/li>\n\n\n\n<li>Exclusive access to design insights.<\/li>\n<\/ul>\n\n\n\n<div style=\"height:0px\" aria-hidden=\"true\" class=\"wp-block-spacer\"><\/div>\n<\/div>\n<\/div>\n<\/div>\n<\/div>\n\n\n\n<div class=\"wp-block-buttons is-layout-flex wp-block-buttons-is-layout-flex\"><\/div>\n\n\n\n\n\n<div style=\"height:0px\" aria-hidden=\"true\" class=\"wp-block-spacer\"><\/div>\n\n\n\n<div class=\"wp-block-group alignfull has-accent-background-color has-background has-global-padding is-layout-constrained wp-container-core-group-is-layout-490fa1db wp-block-group-is-layout-constrained\" style=\"padding-top:var(--wp--preset--spacing--50);padding-right:var(--wp--preset--spacing--50);padding-bottom:var(--wp--preset--spacing--50);padding-left:var(--wp--preset--spacing--50);background-image:url(&apos;http:\/\/serwer2556395.home.pl\/autoinstalator\/wordpressplugins1\/wp-content\/uploads\/2026\/01\/AdobeStock_25791933_Preview.jpeg&apos;);background-size:cover;background-attachment:fixed;\">\n<div class=\"wp-block-group has-accent-background-color has-background has-global-padding is-layout-constrained wp-container-core-group-is-layout-650790e1 wp-block-group-is-layout-constrained\" style=\"border-top-left-radius:23px;border-top-right-radius:23px;border-bottom-left-radius:23px;border-bottom-right-radius:23px\">\n<div style=\"height:1.25rem\" aria-hidden=\"true\" class=\"wp-block-spacer\"><\/div>\n\n\n\n<h1 class=\"wp-block-heading has-text-align-center has-x-large-font-size\">Zaanga\u017cowanie w innowacyjno\u015b\u0107 i zr\u00f3wnowa\u017cony rozw\u00f3j<\/h1>\n\n\n\n<div style=\"height:1.25rem\" aria-hidden=\"true\" class=\"wp-block-spacer\"><\/div>\n\n\n\n<p class=\"has-text-align-center\">\u00c9tudes to pionierska firma, kt\u00f3ra p\u0142ynnie \u0142\u0105czy kreatywno\u015b\u0107 i funkcjonalno\u015b\u0107, aby na nowo zdefiniowa\u0107 doskona\u0142o\u015b\u0107 architektoniczn\u0105.<\/p>\n\n\n\n<div style=\"height:1.25rem\" aria-hidden=\"true\" class=\"wp-block-spacer\"><\/div>\n\n\n\n<div class=\"wp-block-buttons is-content-justification-center is-layout-flex wp-container-core-buttons-is-layout-a89b3969 wp-block-buttons-is-layout-flex\">\n<div class=\"wp-block-button\"><a class=\"wp-block-button__link wp-element-button\">O nas<\/a><\/div>\n<\/div>\n\n\n\n<div style=\"height:1.25rem\" aria-hidden=\"true\" class=\"wp-block-spacer\"><\/div>\n<\/div>\n\n\n\n<div style=\"height:var(--wp--preset--spacing--30)\" aria-hidden=\"true\" class=\"wp-block-spacer\"><\/div>\n<\/div>\n\n\n\n<div class=\"wp-block-group alignfull has-base-color has-contrast-background-color has-text-color has-background has-global-padding is-layout-constrained wp-container-core-group-is-layout-ef3d885c wp-block-group-is-layout-constrained\" style=\"margin-top:0;margin-bottom:0;padding-top:var(--wp--preset--spacing--60);padding-right:var(--wp--preset--spacing--60);padding-bottom:var(--wp--preset--spacing--60);padding-left:var(--wp--preset--spacing--60)\">\n<div class=\"wp-block-group has-global-padding is-layout-constrained wp-block-group-is-layout-constrained\">\n<p class=\"has-text-align-center has-base-color has-text-color has-heading-font-family has-x-large-font-size\" style=\"line-height:1.2\">\n\t\t\t<em>\u201c\u00c9tudes has saved us thousands of hours of work and has unlocked insights we never thought possible.\u201d<\/em>\n\t\t<\/p>\n\n\n\n<div style=\"height:var(--wp--preset--spacing--10)\" aria-hidden=\"true\" class=\"wp-block-spacer\"><\/div>\n\n\n\n<div class=\"wp-block-group is-vertical is-content-justification-center is-nowrap is-layout-flex wp-container-core-group-is-layout-2dc08cea wp-block-group-is-layout-flex\">\n\n\n<p class=\"has-text-align-center\" style=\"margin-top:var(--wp--preset--spacing--10);margin-bottom:0\">Annie Steiner<\/p>\n\n\n\n<p class=\"has-text-align-center has-contrast-3-color has-text-color has-small-font-size\" style=\"font-style:normal;font-weight:300\">CEO, Greenprint<\/p>\n<\/div>\n<\/div>\n<\/div>\n\n\n\n<div class=\"wp-block-group alignfull has-contrast-background-color has-text-color has-background is-layout-flow wp-block-group-is-layout-flow\" style=\"color:#000000\">\n<p class=\"has-text-align-center has-small-font-size\" style=\"line-height:.9\"><\/p>\n\n\n\n<h2 class=\"wp-block-heading has-text-align-center has-background\" id=\"schedule-a-visit\" style=\"background-color:#3f6e33;font-size:clamp(32.969px, 2.061rem + ((1vw - 3.2px) * 2.712), 59px);px;line-height:1.15\"><strong>Zam\u00f3w z dostaw\u0105<\/strong><\/h2>\n\n\n\n<p><\/p>\n\n\n\n<p><\/p>\n\n\n\n<p><\/p>\n\n\n\n<div class=\"wp-block-buttons is-horizontal is-content-justification-center is-layout-flex wp-container-core-buttons-is-layout-03627597 wp-block-buttons-is-layout-flex\">\n<div class=\"wp-block-button has-custom-width wp-block-button__width-25\"><a class=\"wp-block-button__link has-text-color has-background has-border-color has-large-font-size has-custom-font-size wp-element-button\" href=\"https:\/\/mobilnycatering.pl\/index.html\" style=\"border-color:#3f6e33;border-width:8px;border-radius:50px;color:#ffffff;background-color:#000000\">zamawiam<\/a><\/div>\n<\/div>\n\n\n\n<div style=\"height:64px\" aria-hidden=\"true\" class=\"wp-block-spacer\"><\/div>\n<\/div>\n\n\n\n\n\n<div style=\"height:0px\" aria-hidden=\"true\" class=\"wp-block-spacer\"><\/div>\n\n\n\n<div class=\"wp-block-group alignfull has-global-padding is-layout-constrained wp-container-core-group-is-layout-d89aad35 wp-block-group-is-layout-constrained has-background\" style=\"margin-top:0;margin-bottom:0;padding-top:var(--wp--preset--spacing--50);padding-right:var(--wp--preset--spacing--50);padding-bottom:var(--wp--preset--spacing--50);padding-left:var(--wp--preset--spacing--50);background-image:url(&apos;http:\/\/serwer2556395.home.pl\/autoinstalator\/wordpressplugins1\/wp-content\/uploads\/2026\/01\/AdobeStock_25791933_Preview.jpeg&apos;);background-size:cover;background-attachment:fixed;\">\n<div class=\"wp-block-group alignwide has-base-2-background-color has-background has-global-padding is-layout-constrained wp-container-core-group-is-layout-39412042 wp-block-group-is-layout-constrained\" style=\"border-radius:16px;padding-top:var(--wp--preset--spacing--40);padding-right:var(--wp--preset--spacing--50);padding-bottom:var(--wp--preset--spacing--40);padding-left:var(--wp--preset--spacing--50)\">\n<div style=\"height:var(--wp--preset--spacing--10)\" aria-hidden=\"true\" class=\"wp-block-spacer\"><\/div>\n\n\n\n<h2 class=\"wp-block-heading has-text-align-center has-x-large-font-size\">Do\u0142\u0105cz do 900+ subskrybent\u00f3w<\/h2>\n\n\n\n<p class=\"has-text-align-center\">B\u0105d\u017a na bie\u017c\u0105co ze wszystkim, co musisz wiedzie\u0107.<\/p>\n\n\n\n<div class=\"wp-block-buttons is-content-justification-center is-layout-flex wp-container-core-buttons-is-layout-a89b3969 wp-block-buttons-is-layout-flex\">\n<div class=\"wp-block-button\"><a class=\"wp-block-button__link wp-element-button\">Zapisz si\u0119<\/a><\/div>\n<\/div>\n\n\n\n<div style=\"height:var(--wp--preset--spacing--10)\" aria-hidden=\"true\" class=\"wp-block-spacer\"><\/div>\n<\/div>\n<\/div>\n\n\n\n<p><\/p>\n\n\n","protected":false},"excerpt":{"rendered":"<p>Domowe Gotowe Our comprehensive suite of professional services caters to a diverse clientele, ranging from homeowners to commercial developers. Zam\u00f3w z dostaw\u0105 Zaanga\u017cowanie w innowacyjno\u015b\u0107 i zr\u00f3wnowa\u017cony rozw\u00f3j \u00c9tudes to pionierska firma, kt\u00f3ra p\u0142ynnie \u0142\u0105czy kreatywno\u015b\u0107 i funkcjonalno\u015b\u0107, aby na nowo zdefiniowa\u0107 doskona\u0142o\u015b\u0107 architektoniczn\u0105. \u201c\u00c9tudes has saved us thousands of hours of work and has [&hellip;]<\/p>\n","protected":false},"author":1,"featured_media":0,"parent":0,"menu_order":0,"comment_status":"closed","ping_status":"closed","template":"page-no-title","meta":{"footnotes":""},"class_list":["post-18","page","type-page","status-publish","hentry"],"yoast_head":"<!-- This site is optimized with the Yoast SEO plugin v26.6 - https:\/\/yoast.com\/wordpress\/plugins\/seo\/ -->\n<title>Home - Domowe Gotowe<\/title>\n<meta name=\"robots\" content=\"index, follow, max-snippet:-1, max-image-preview:large, max-video-preview:-1\" \/>\n<link rel=\"canonical\" href=\"http:\/\/serwer2556395.home.pl\/autoinstalator\/wordpressplugins1\/\" \/>\n<meta property=\"og:locale\" content=\"pl_PL\" \/>\n<meta property=\"og:type\" content=\"article\" \/>\n<meta property=\"og:title\" content=\"Home - Domowe Gotowe\" \/>\n<meta property=\"og:description\" content=\"Domowe Gotowe Our comprehensive suite of professional services caters to a diverse clientele, ranging from homeowners to commercial developers. Zam\u00f3w z dostaw\u0105 Zaanga\u017cowanie w innowacyjno\u015b\u0107 i zr\u00f3wnowa\u017cony rozw\u00f3j \u00c9tudes to pionierska firma, kt\u00f3ra p\u0142ynnie \u0142\u0105czy kreatywno\u015b\u0107 i funkcjonalno\u015b\u0107, aby na nowo zdefiniowa\u0107 doskona\u0142o\u015b\u0107 architektoniczn\u0105. \u201c\u00c9tudes has saved us thousands of hours of work and has [&hellip;]\" \/>\n<meta property=\"og:url\" content=\"http:\/\/serwer2556395.home.pl\/autoinstalator\/wordpressplugins1\/\" \/>\n<meta property=\"og:site_name\" content=\"Domowe Gotowe\" \/>\n<meta property=\"article:modified_time\" content=\"2026-01-12T04:38:36+00:00\" \/>\n<meta property=\"og:image\" content=\"https:\/\/serwer2556395.home.pl\/autoinstalator\/wordpressplugins1\/wp-content\/uploads\/2026\/01\/AdobeStock_1493716771_Preview.jpeg\" \/>\n<meta name=\"twitter:card\" content=\"summary_large_image\" \/>\n<meta name=\"twitter:label1\" content=\"Szacowany czas czytania\" \/>\n\t<meta name=\"twitter:data1\" content=\"2 minuty\" \/>\n<script type=\"application\/ld+json\" class=\"yoast-schema-graph\">{\"@context\":\"https:\/\/schema.org\",\"@graph\":[{\"@type\":\"WebPage\",\"@id\":\"http:\/\/serwer2556395.home.pl\/autoinstalator\/wordpressplugins1\/\",\"url\":\"http:\/\/serwer2556395.home.pl\/autoinstalator\/wordpressplugins1\/\",\"name\":\"Home - Domowe Gotowe\",\"isPartOf\":{\"@id\":\"http:\/\/serwer2556395.home.pl\/autoinstalator\/wordpressplugins1\/#website\"},\"primaryImageOfPage\":{\"@id\":\"http:\/\/serwer2556395.home.pl\/autoinstalator\/wordpressplugins1\/#primaryimage\"},\"image\":{\"@id\":\"http:\/\/serwer2556395.home.pl\/autoinstalator\/wordpressplugins1\/#primaryimage\"},\"thumbnailUrl\":\"https:\/\/serwer2556395.home.pl\/autoinstalator\/wordpressplugins1\/wp-content\/uploads\/2026\/01\/AdobeStock_1493716771_Preview.jpeg\",\"datePublished\":\"2026-01-08T21:35:24+00:00\",\"dateModified\":\"2026-01-12T04:38:36+00:00\",\"breadcrumb\":{\"@id\":\"http:\/\/serwer2556395.home.pl\/autoinstalator\/wordpressplugins1\/#breadcrumb\"},\"inLanguage\":\"pl-PL\",\"potentialAction\":[{\"@type\":\"ReadAction\",\"target\":[\"http:\/\/serwer2556395.home.pl\/autoinstalator\/wordpressplugins1\/\"]}]},{\"@type\":\"ImageObject\",\"inLanguage\":\"pl-PL\",\"@id\":\"http:\/\/serwer2556395.home.pl\/autoinstalator\/wordpressplugins1\/#primaryimage\",\"url\":\"https:\/\/serwer2556395.home.pl\/autoinstalator\/wordpressplugins1\/wp-content\/uploads\/2026\/01\/AdobeStock_1493716771_Preview.jpeg\",\"contentUrl\":\"https:\/\/serwer2556395.home.pl\/autoinstalator\/wordpressplugins1\/wp-content\/uploads\/2026\/01\/AdobeStock_1493716771_Preview.jpeg\",\"width\":1000,\"height\":500},{\"@type\":\"BreadcrumbList\",\"@id\":\"http:\/\/serwer2556395.home.pl\/autoinstalator\/wordpressplugins1\/#breadcrumb\",\"itemListElement\":[{\"@type\":\"ListItem\",\"position\":1,\"name\":\"Home\",\"item\":\"http:\/\/serwer2556395.home.pl\/autoinstalator\/wordpressplugins1\/\"},{\"@type\":\"ListItem\",\"position\":2,\"name\":\"Home\"}]},{\"@type\":\"WebSite\",\"@id\":\"http:\/\/serwer2556395.home.pl\/autoinstalator\/wordpressplugins1\/#website\",\"url\":\"http:\/\/serwer2556395.home.pl\/autoinstalator\/wordpressplugins1\/\",\"name\":\"Domowe Gotowe\",\"description\":\"Tradycyjny Polski Smak\",\"publisher\":{\"@id\":\"http:\/\/serwer2556395.home.pl\/autoinstalator\/wordpressplugins1\/#organization\"},\"potentialAction\":[{\"@type\":\"SearchAction\",\"target\":{\"@type\":\"EntryPoint\",\"urlTemplate\":\"http:\/\/serwer2556395.home.pl\/autoinstalator\/wordpressplugins1\/?s={search_term_string}\"},\"query-input\":{\"@type\":\"PropertyValueSpecification\",\"valueRequired\":true,\"valueName\":\"search_term_string\"}}],\"inLanguage\":\"pl-PL\"},{\"@type\":\"Organization\",\"@id\":\"http:\/\/serwer2556395.home.pl\/autoinstalator\/wordpressplugins1\/#organization\",\"name\":\"Domowe Gotowe\",\"url\":\"http:\/\/serwer2556395.home.pl\/autoinstalator\/wordpressplugins1\/\",\"logo\":{\"@type\":\"ImageObject\",\"inLanguage\":\"pl-PL\",\"@id\":\"http:\/\/serwer2556395.home.pl\/autoinstalator\/wordpressplugins1\/#\/schema\/logo\/image\/\",\"url\":\"https:\/\/serwer2556395.home.pl\/autoinstalator\/wordpressplugins1\/wp-content\/uploads\/2026\/01\/domowegotowe-white-letters-1.png\",\"contentUrl\":\"https:\/\/serwer2556395.home.pl\/autoinstalator\/wordpressplugins1\/wp-content\/uploads\/2026\/01\/domowegotowe-white-letters-1.png\",\"width\":1471,\"height\":1490,\"caption\":\"Domowe  Gotowe\"},\"image\":{\"@id\":\"http:\/\/serwer2556395.home.pl\/autoinstalator\/wordpressplugins1\/#\/schema\/logo\/image\/\"}}]}<\/script>\n<!-- \/ Yoast SEO plugin. -->","yoast_head_json":{"title":"Home - Domowe Gotowe","robots":{"index":"index","follow":"follow","max-snippet":"max-snippet:-1","max-image-preview":"max-image-preview:large","max-video-preview":"max-video-preview:-1"},"canonical":"http:\/\/serwer2556395.home.pl\/autoinstalator\/wordpressplugins1\/","og_locale":"pl_PL","og_type":"article","og_title":"Home - Domowe Gotowe","og_description":"Domowe Gotowe Our comprehensive suite of professional services caters to a diverse clientele, ranging from homeowners to commercial developers. Zam\u00f3w z dostaw\u0105 Zaanga\u017cowanie w innowacyjno\u015b\u0107 i zr\u00f3wnowa\u017cony rozw\u00f3j \u00c9tudes to pionierska firma, kt\u00f3ra p\u0142ynnie \u0142\u0105czy kreatywno\u015b\u0107 i funkcjonalno\u015b\u0107, aby na nowo zdefiniowa\u0107 doskona\u0142o\u015b\u0107 architektoniczn\u0105. \u201c\u00c9tudes has saved us thousands of hours of work and has [&hellip;]","og_url":"http:\/\/serwer2556395.home.pl\/autoinstalator\/wordpressplugins1\/","og_site_name":"Domowe Gotowe","article_modified_time":"2026-01-12T04:38:36+00:00","og_image":[{"url":"https:\/\/serwer2556395.home.pl\/autoinstalator\/wordpressplugins1\/wp-content\/uploads\/2026\/01\/AdobeStock_1493716771_Preview.jpeg","type":"","width":"","height":""}],"twitter_card":"summary_large_image","twitter_misc":{"Szacowany czas czytania":"2 minuty"},"schema":{"@context":"https:\/\/schema.org","@graph":[{"@type":"WebPage","@id":"http:\/\/serwer2556395.home.pl\/autoinstalator\/wordpressplugins1\/","url":"http:\/\/serwer2556395.home.pl\/autoinstalator\/wordpressplugins1\/","name":"Home - Domowe Gotowe","isPartOf":{"@id":"http:\/\/serwer2556395.home.pl\/autoinstalator\/wordpressplugins1\/#website"},"primaryImageOfPage":{"@id":"http:\/\/serwer2556395.home.pl\/autoinstalator\/wordpressplugins1\/#primaryimage"},"image":{"@id":"http:\/\/serwer2556395.home.pl\/autoinstalator\/wordpressplugins1\/#primaryimage"},"thumbnailUrl":"https:\/\/serwer2556395.home.pl\/autoinstalator\/wordpressplugins1\/wp-content\/uploads\/2026\/01\/AdobeStock_1493716771_Preview.jpeg","datePublished":"2026-01-08T21:35:24+00:00","dateModified":"2026-01-12T04:38:36+00:00","breadcrumb":{"@id":"http:\/\/serwer2556395.home.pl\/autoinstalator\/wordpressplugins1\/#breadcrumb"},"inLanguage":"pl-PL","potentialAction":[{"@type":"ReadAction","target":["http:\/\/serwer2556395.home.pl\/autoinstalator\/wordpressplugins1\/"]}]},{"@type":"ImageObject","inLanguage":"pl-PL","@id":"http:\/\/serwer2556395.home.pl\/autoinstalator\/wordpressplugins1\/#primaryimage","url":"https:\/\/serwer2556395.home.pl\/autoinstalator\/wordpressplugins1\/wp-content\/uploads\/2026\/01\/AdobeStock_1493716771_Preview.jpeg","contentUrl":"https:\/\/serwer2556395.home.pl\/autoinstalator\/wordpressplugins1\/wp-content\/uploads\/2026\/01\/AdobeStock_1493716771_Preview.jpeg","width":1000,"height":500},{"@type":"BreadcrumbList","@id":"http:\/\/serwer2556395.home.pl\/autoinstalator\/wordpressplugins1\/#breadcrumb","itemListElement":[{"@type":"ListItem","position":1,"name":"Home","item":"http:\/\/serwer2556395.home.pl\/autoinstalator\/wordpressplugins1\/"},{"@type":"ListItem","position":2,"name":"Home"}]},{"@type":"WebSite","@id":"http:\/\/serwer2556395.home.pl\/autoinstalator\/wordpressplugins1\/#website","url":"http:\/\/serwer2556395.home.pl\/autoinstalator\/wordpressplugins1\/","name":"Domowe Gotowe","description":"Tradycyjny Polski Smak","publisher":{"@id":"http:\/\/serwer2556395.home.pl\/autoinstalator\/wordpressplugins1\/#organization"},"potentialAction":[{"@type":"SearchAction","target":{"@type":"EntryPoint","urlTemplate":"http:\/\/serwer2556395.home.pl\/autoinstalator\/wordpressplugins1\/?s={search_term_string}"},"query-input":{"@type":"PropertyValueSpecification","valueRequired":true,"valueName":"search_term_string"}}],"inLanguage":"pl-PL"},{"@type":"Organization","@id":"http:\/\/serwer2556395.home.pl\/autoinstalator\/wordpressplugins1\/#organization","name":"Domowe Gotowe","url":"http:\/\/serwer2556395.home.pl\/autoinstalator\/wordpressplugins1\/","logo":{"@type":"ImageObject","inLanguage":"pl-PL","@id":"http:\/\/serwer2556395.home.pl\/autoinstalator\/wordpressplugins1\/#\/schema\/logo\/image\/","url":"https:\/\/serwer2556395.home.pl\/autoinstalator\/wordpressplugins1\/wp-content\/uploads\/2026\/01\/domowegotowe-white-letters-1.png","contentUrl":"https:\/\/serwer2556395.home.pl\/autoinstalator\/wordpressplugins1\/wp-content\/uploads\/2026\/01\/domowegotowe-white-letters-1.png","width":1471,"height":1490,"caption":"Domowe  Gotowe"},"image":{"@id":"http:\/\/serwer2556395.home.pl\/autoinstalator\/wordpressplugins1\/#\/schema\/logo\/image\/"}}]}},"_links":{"self":[{"href":"https:\/\/serwer2556395.home.pl\/autoinstalator\/wordpressplugins1\/index.php\/wp-json\/wp\/v2\/pages\/18","targetHints":{"allow":["GET"]}}],"collection":[{"href":"https:\/\/serwer2556395.home.pl\/autoinstalator\/wordpressplugins1\/index.php\/wp-json\/wp\/v2\/pages"}],"about":[{"href":"https:\/\/serwer2556395.home.pl\/autoinstalator\/wordpressplugins1\/index.php\/wp-json\/wp\/v2\/types\/page"}],"author":[{"embeddable":true,"href":"https:\/\/serwer2556395.home.pl\/autoinstalator\/wordpressplugins1\/index.php\/wp-json\/wp\/v2\/users\/1"}],"replies":[{"embeddable":true,"href":"https:\/\/serwer2556395.home.pl\/autoinstalator\/wordpressplugins1\/index.php\/wp-json\/wp\/v2\/comments?post=18"}],"version-history":[{"count":37,"href":"https:\/\/serwer2556395.home.pl\/autoinstalator\/wordpressplugins1\/index.php\/wp-json\/wp\/v2\/pages\/18\/revisions"}],"predecessor-version":[{"id":129,"href":"https:\/\/serwer2556395.home.pl\/autoinstalator\/wordpressplugins1\/index.php\/wp-json\/wp\/v2\/pages\/18\/revisions\/129"}],"wp:attachment":[{"href":"https:\/\/serwer2556395.home.pl\/autoinstalator\/wordpressplugins1\/index.php\/wp-json\/wp\/v2\/media?parent=18"}],"curies":[{"name":"wp","href":"https:\/\/api.w.org\/{rel}","templated":true}]}}